{"id":26,"date":"2011-05-28T10:41:55","date_gmt":"2011-05-28T10:41:55","guid":{"rendered":"http:\/\/www.dartwin.it\/?page_id=26"},"modified":"2023-01-27T11:11:52","modified_gmt":"2023-01-27T10:11:52","slug":"chiave-hardware-usb","status":"publish","type":"page","link":"https:\/\/www.dartwin.it\/it\/software\/chiave-hardware-usb\/","title":{"rendered":"Chiave Hardware USB"},"content":{"rendered":"<p><!--pixgridder:row[cols=1]--><!--pixgridder:column[col=1]--><\/p>\n<h3><a href=\"http:\/\/www.dartwin.it\/wp-content\/uploads\/dartwin_HK_S.png\"><img loading=\"lazy\" decoding=\"async\" class=\" wp-image-3373 alignright\" title=\"Hardware Key USB\" src=\"http:\/\/www.dartwin.it\/wp-content\/uploads\/dartwin_HK_S.png\" alt=\"\" width=\"270\" height=\"125\" \/><\/a><span style=\"color: #333333;\">Chiave Hardware USB<\/span><\/h3>\n<p>Porta con te l&#8217;attivazione dei programmi Dartwin. Con la Chiave Hardware USB puoi usare i nostri programmi su computer diversi.<\/p>\n<h4 style=\"text-align: left;\"><span style=\"color: #e3341c;\">Cos&#8217;\u00e8<\/span><\/h4>\n<p>E&#8217; simile alle chiavette\/pennette USB usate per salvare i dati e contiene i codici di attivazione delle licenze acquistate da Dartwin.<\/p>\n<h4><span style=\"color: #e3341c;\">Come si usa<\/span><\/h4>\n<p>L&#8217;uso della chiave hardware \u00e8 molto semplice:<\/p>\n<ol>\n<li>Installa il software acquistato (Frame Simulator, Mold Simulator, Brick Simulator &#8230;) su un qualsiasi computer.<\/li>\n<li>Inserisci la chiave hardware in una presa USB del computer.<\/li>\n<li>Al primo avvio, il programma ti chieder\u00e0 di inserire un codice PIN, fornito con la chiave hardware.<\/li>\n<li>Successivamente, ogni volta che vorrai usare il programma, sar\u00e0 sufficiente inserire la chiave hardware nel computer.<\/li>\n<\/ol>\n<h4><span style=\"color: #e3341c;\">Vantaggi<\/span><\/h4>\n<p>Con la chiave hardware puoi usare i nostri programmi di simulazione su pi\u00f9 macchine. Dopo aver digitato la prima volta il codice PIN associato alla chiave, non \u00e8 pi\u00f9 necessaria alcuna procedura di attivazione o di trasferimento della licenza. Basta inserire la chiavetta USB e si \u00e8 pronti a lavorare su quel computer. La Chiave Hardware USB \u00e8&#8217; molto utile per chi vuole usare i programmi di simulazione Dartwin sia su computer fisso che sul portatile. L&#8217;attivazione \u00e8 sulla chiavetta hardware e quindi \u00e8 indipendente dal computer: se l&#8217;hard disc ha problemi o se si pianta il computer si pu\u00f2 lavorare su un&#8217;altra macchina e non si rischia di perdere l&#8217;attivazione.<\/p>\n<h4><span style=\"color: #e3341c;\">Compatibilit\u00e0 con i programmi Dartwin<\/span><\/h4>\n<p>Su un&#8217;unica chiave si possono inserire le licenze di pi\u00f9 programmi diversi (una licenza per tipo). [jbutton icon=&#8221;info&#8221; size=&#8221;large&#8221; color=&#8221;orange&#8221; link=&#8221;http:\/\/www.dartwin.it\/supporto\/attivazione\/&#8221;]Modalit\u00e0 di attivazione dei software Dartwin[\/jbutton]<p class=\"product woocommerce add_to_cart_inline \" style=\"border:4px solid #ccc; padding: 12px;\"><span class=\"woocommerce-Price-amount amount\"><bdi><span class=\"woocommerce-Price-currencySymbol\">&euro;<\/span>110,00<\/bdi><\/span> <small class=\"woocommerce-price-suffix\">+iva<\/small><a href=\"\/it\/wp-json\/wp\/v2\/pages\/26?add-to-cart=3885\" aria-describedby=\"woocommerce_loop_add_to_cart_link_describedby_3885\" data-quantity=\"1\" class=\"button product_type_simple add_to_cart_button ajax_add_to_cart\" data-product_id=\"3885\" data-product_sku=\"HKIUSB\" aria-label=\"Aggiungi al carrello: &quot;Chiave di attivazione USB&quot;\" rel=\"nofollow\" data-success_message=\"&quot;Chiave di attivazione USB&quot; \u00e8 stato aggiunto al tuo carrello\">Aggiungi al Carrello<\/a>\t<span id=\"woocommerce_loop_add_to_cart_link_describedby_3885\" class=\"screen-reader-text\">\n\t\t\t<\/span>\n<\/p><\/p>\n<p><!--\/pixgridder:column[col=1]--><!--\/pixgridder:row[cols=1]--><\/p>\n","protected":false},"excerpt":{"rendered":"<p>Chiave Hardware USB Porta con te l&#8217;attivazione dei programmi Dartwin. Con la Chiave Hardware USB puoi usare i nostri programmi su computer diversi. Cos&#8217;\u00e8 E&#8217; simile alle chiavette\/pennette USB usate per salvare i dati e contiene i codici di attivazione delle licenze acquistate da Dartwin. Come si usa L&#8217;uso della chiave hardware \u00e8 molto semplice: [&hellip;]<\/p>\n","protected":false},"author":192,"featured_media":0,"parent":551,"menu_order":0,"comment_status":"closed","ping_status":"closed","template":"","meta":{"ocean_post_layout":"","ocean_both_sidebars_style":"","ocean_both_sidebars_content_width":0,"ocean_both_sidebars_sidebars_width":0,"ocean_sidebar":"0","ocean_second_sidebar":"0","ocean_disable_margins":"enable","ocean_add_body_class":"","ocean_shortcode_before_top_bar":"","ocean_shortcode_after_top_bar":"","ocean_shortcode_before_header":"","ocean_shortcode_after_header":"","ocean_has_shortcode":"","ocean_shortcode_after_title":"","ocean_shortcode_before_footer_widgets":"","ocean_shortcode_after_footer_widgets":"","ocean_shortcode_before_footer_bottom":"","ocean_shortcode_after_footer_bottom":"","ocean_display_top_bar":"default","ocean_display_header":"default","ocean_header_style":"","ocean_center_header_left_menu":"0","ocean_custom_header_template":"0","ocean_custom_logo":0,"ocean_custom_retina_logo":0,"ocean_custom_logo_max_width":0,"ocean_custom_logo_tablet_max_width":0,"ocean_custom_logo_mobile_max_width":0,"ocean_custom_logo_max_height":0,"ocean_custom_logo_tablet_max_height":0,"ocean_custom_logo_mobile_max_height":0,"ocean_header_custom_menu":"0","ocean_menu_typo_font_family":"0","ocean_menu_typo_font_subset":"","ocean_menu_typo_font_size":0,"ocean_menu_typo_font_size_tablet":0,"ocean_menu_typo_font_size_mobile":0,"ocean_menu_typo_font_size_unit":"px","ocean_menu_typo_font_weight":"","ocean_menu_typo_font_weight_tablet":"","ocean_menu_typo_font_weight_mobile":"","ocean_menu_typo_transform":"","ocean_menu_typo_transform_tablet":"","ocean_menu_typo_transform_mobile":"","ocean_menu_typo_line_height":0,"ocean_menu_typo_line_height_tablet":0,"ocean_menu_typo_line_height_mobile":0,"ocean_menu_typo_line_height_unit":"","ocean_menu_typo_spacing":0,"ocean_menu_typo_spacing_tablet":0,"ocean_menu_typo_spacing_mobile":0,"ocean_menu_typo_spacing_unit":"","ocean_menu_link_color":"","ocean_menu_link_color_hover":"","ocean_menu_link_color_active":"","ocean_menu_link_background":"","ocean_menu_link_hover_background":"","ocean_menu_link_active_background":"","ocean_menu_social_links_bg":"","ocean_menu_social_hover_links_bg":"","ocean_menu_social_links_color":"","ocean_menu_social_hover_links_color":"","ocean_disable_title":"default","ocean_disable_heading":"default","ocean_post_title":"","ocean_post_subheading":"","ocean_post_title_style":"","ocean_post_title_background_color":"","ocean_post_title_background":0,"ocean_post_title_bg_image_position":"","ocean_post_title_bg_image_attachment":"","ocean_post_title_bg_image_repeat":"","ocean_post_title_bg_image_size":"","ocean_post_title_height":0,"ocean_post_title_bg_overlay":0.5,"ocean_post_title_bg_overlay_color":"","ocean_disable_breadcrumbs":"default","ocean_breadcrumbs_color":"","ocean_breadcrumbs_separator_color":"","ocean_breadcrumbs_links_color":"","ocean_breadcrumbs_links_hover_color":"","ocean_display_footer_widgets":"default","ocean_display_footer_bottom":"default","ocean_custom_footer_template":"0","footnotes":""},"class_list":["post-26","page","type-page","status-publish","hentry","entry","owp-thumbs-layout-horizontal","owp-btn-very-big","owp-tabs-layout-vertical","has-no-thumbnails"],"yoast_head":"<!-- This site is optimized with the Yoast SEO plugin v27.3 - https:\/\/yoast.com\/product\/yoast-seo-wordpress\/ -->\n<title>Chiave Hardware USB - Dartwin<\/title>\n<meta name=\"robots\" content=\"index, follow, max-snippet:-1, max-image-preview:large, max-video-preview:-1\" \/>\n<link rel=\"canonical\" href=\"https:\/\/www.dartwin.it\/it\/software\/chiave-hardware-usb\/\" \/>\n<meta property=\"og:locale\" content=\"it_IT\" \/>\n<meta property=\"og:type\" content=\"article\" \/>\n<meta property=\"og:title\" content=\"Chiave Hardware USB - Dartwin\" \/>\n<meta property=\"og:description\" content=\"Chiave Hardware USB Porta con te l&#8217;attivazione dei programmi Dartwin. Con la Chiave Hardware USB puoi usare i nostri programmi su computer diversi. Cos&#8217;\u00e8 E&#8217; simile alle chiavette\/pennette USB usate per salvare i dati e contiene i codici di attivazione delle licenze acquistate da Dartwin. Come si usa L&#8217;uso della chiave hardware \u00e8 molto semplice: [&hellip;]\" \/>\n<meta property=\"og:url\" content=\"https:\/\/www.dartwin.it\/it\/software\/chiave-hardware-usb\/\" \/>\n<meta property=\"og:site_name\" content=\"Dartwin\" \/>\n<meta property=\"article:modified_time\" content=\"2023-01-27T10:11:52+00:00\" \/>\n<meta property=\"og:image\" content=\"http:\/\/www.dartwin.it\/wp-content\/uploads\/dartwin_HK_S.png\" \/>\n<meta name=\"twitter:label1\" content=\"Tempo di lettura stimato\" \/>\n\t<meta name=\"twitter:data1\" content=\"1 minuto\" \/>\n<script type=\"application\/ld+json\" class=\"yoast-schema-graph\">{\"@context\":\"https:\\\/\\\/schema.org\",\"@graph\":[{\"@type\":\"WebPage\",\"@id\":\"https:\\\/\\\/www.dartwin.it\\\/it\\\/software\\\/chiave-hardware-usb\\\/\",\"url\":\"https:\\\/\\\/www.dartwin.it\\\/it\\\/software\\\/chiave-hardware-usb\\\/\",\"name\":\"Chiave Hardware USB - Dartwin\",\"isPartOf\":{\"@id\":\"https:\\\/\\\/www.dartwin.it\\\/it\\\/#website\"},\"primaryImageOfPage\":{\"@id\":\"https:\\\/\\\/www.dartwin.it\\\/it\\\/software\\\/chiave-hardware-usb\\\/#primaryimage\"},\"image\":{\"@id\":\"https:\\\/\\\/www.dartwin.it\\\/it\\\/software\\\/chiave-hardware-usb\\\/#primaryimage\"},\"thumbnailUrl\":\"http:\\\/\\\/www.dartwin.it\\\/wp-content\\\/uploads\\\/dartwin_HK_S.png\",\"datePublished\":\"2011-05-28T10:41:55+00:00\",\"dateModified\":\"2023-01-27T10:11:52+00:00\",\"breadcrumb\":{\"@id\":\"https:\\\/\\\/www.dartwin.it\\\/it\\\/software\\\/chiave-hardware-usb\\\/#breadcrumb\"},\"inLanguage\":\"it-IT\",\"potentialAction\":[{\"@type\":\"ReadAction\",\"target\":[\"https:\\\/\\\/www.dartwin.it\\\/it\\\/software\\\/chiave-hardware-usb\\\/\"]}]},{\"@type\":\"ImageObject\",\"inLanguage\":\"it-IT\",\"@id\":\"https:\\\/\\\/www.dartwin.it\\\/it\\\/software\\\/chiave-hardware-usb\\\/#primaryimage\",\"url\":\"http:\\\/\\\/www.dartwin.it\\\/wp-content\\\/uploads\\\/dartwin_HK_S.png\",\"contentUrl\":\"http:\\\/\\\/www.dartwin.it\\\/wp-content\\\/uploads\\\/dartwin_HK_S.png\"},{\"@type\":\"BreadcrumbList\",\"@id\":\"https:\\\/\\\/www.dartwin.it\\\/it\\\/software\\\/chiave-hardware-usb\\\/#breadcrumb\",\"itemListElement\":[{\"@type\":\"ListItem\",\"position\":1,\"name\":\"Home\",\"item\":\"https:\\\/\\\/www.dartwin.it\\\/it\\\/\"},{\"@type\":\"ListItem\",\"position\":2,\"name\":\"Prodotti\",\"item\":\"https:\\\/\\\/www.dartwin.it\\\/it\\\/software\\\/\"},{\"@type\":\"ListItem\",\"position\":3,\"name\":\"Chiave Hardware USB\"}]},{\"@type\":\"WebSite\",\"@id\":\"https:\\\/\\\/www.dartwin.it\\\/it\\\/#website\",\"url\":\"https:\\\/\\\/www.dartwin.it\\\/it\\\/\",\"name\":\"Dartwin\",\"description\":\"analisi termiche agli elementi finiti\",\"publisher\":{\"@id\":\"https:\\\/\\\/www.dartwin.it\\\/it\\\/#organization\"},\"potentialAction\":[{\"@type\":\"SearchAction\",\"target\":{\"@type\":\"EntryPoint\",\"urlTemplate\":\"https:\\\/\\\/www.dartwin.it\\\/it\\\/?s={search_term_string}\"},\"query-input\":{\"@type\":\"PropertyValueSpecification\",\"valueRequired\":true,\"valueName\":\"search_term_string\"}}],\"inLanguage\":\"it-IT\"},{\"@type\":\"Organization\",\"@id\":\"https:\\\/\\\/www.dartwin.it\\\/it\\\/#organization\",\"name\":\"Dartwin SRL\",\"url\":\"https:\\\/\\\/www.dartwin.it\\\/it\\\/\",\"logo\":{\"@type\":\"ImageObject\",\"inLanguage\":\"it-IT\",\"@id\":\"https:\\\/\\\/www.dartwin.it\\\/it\\\/#\\\/schema\\\/logo\\\/image\\\/\",\"url\":\"https:\\\/\\\/www.dartwin.it\\\/wp-content\\\/uploads\\\/cropped-Logo-Dartwin-fem_180x48.jpg\",\"contentUrl\":\"https:\\\/\\\/www.dartwin.it\\\/wp-content\\\/uploads\\\/cropped-Logo-Dartwin-fem_180x48.jpg\",\"width\":175,\"height\":48,\"caption\":\"Dartwin SRL\"},\"image\":{\"@id\":\"https:\\\/\\\/www.dartwin.it\\\/it\\\/#\\\/schema\\\/logo\\\/image\\\/\"}}]}<\/script>\n<!-- \/ Yoast SEO plugin. -->","yoast_head_json":{"title":"Chiave Hardware USB - Dartwin","robots":{"index":"index","follow":"follow","max-snippet":"max-snippet:-1","max-image-preview":"max-image-preview:large","max-video-preview":"max-video-preview:-1"},"canonical":"https:\/\/www.dartwin.it\/it\/software\/chiave-hardware-usb\/","og_locale":"it_IT","og_type":"article","og_title":"Chiave Hardware USB - Dartwin","og_description":"Chiave Hardware USB Porta con te l&#8217;attivazione dei programmi Dartwin. Con la Chiave Hardware USB puoi usare i nostri programmi su computer diversi. Cos&#8217;\u00e8 E&#8217; simile alle chiavette\/pennette USB usate per salvare i dati e contiene i codici di attivazione delle licenze acquistate da Dartwin. Come si usa L&#8217;uso della chiave hardware \u00e8 molto semplice: [&hellip;]","og_url":"https:\/\/www.dartwin.it\/it\/software\/chiave-hardware-usb\/","og_site_name":"Dartwin","article_modified_time":"2023-01-27T10:11:52+00:00","og_image":[{"url":"http:\/\/www.dartwin.it\/wp-content\/uploads\/dartwin_HK_S.png","type":"","width":"","height":""}],"twitter_misc":{"Tempo di lettura stimato":"1 minuto"},"schema":{"@context":"https:\/\/schema.org","@graph":[{"@type":"WebPage","@id":"https:\/\/www.dartwin.it\/it\/software\/chiave-hardware-usb\/","url":"https:\/\/www.dartwin.it\/it\/software\/chiave-hardware-usb\/","name":"Chiave Hardware USB - Dartwin","isPartOf":{"@id":"https:\/\/www.dartwin.it\/it\/#website"},"primaryImageOfPage":{"@id":"https:\/\/www.dartwin.it\/it\/software\/chiave-hardware-usb\/#primaryimage"},"image":{"@id":"https:\/\/www.dartwin.it\/it\/software\/chiave-hardware-usb\/#primaryimage"},"thumbnailUrl":"http:\/\/www.dartwin.it\/wp-content\/uploads\/dartwin_HK_S.png","datePublished":"2011-05-28T10:41:55+00:00","dateModified":"2023-01-27T10:11:52+00:00","breadcrumb":{"@id":"https:\/\/www.dartwin.it\/it\/software\/chiave-hardware-usb\/#breadcrumb"},"inLanguage":"it-IT","potentialAction":[{"@type":"ReadAction","target":["https:\/\/www.dartwin.it\/it\/software\/chiave-hardware-usb\/"]}]},{"@type":"ImageObject","inLanguage":"it-IT","@id":"https:\/\/www.dartwin.it\/it\/software\/chiave-hardware-usb\/#primaryimage","url":"http:\/\/www.dartwin.it\/wp-content\/uploads\/dartwin_HK_S.png","contentUrl":"http:\/\/www.dartwin.it\/wp-content\/uploads\/dartwin_HK_S.png"},{"@type":"BreadcrumbList","@id":"https:\/\/www.dartwin.it\/it\/software\/chiave-hardware-usb\/#breadcrumb","itemListElement":[{"@type":"ListItem","position":1,"name":"Home","item":"https:\/\/www.dartwin.it\/it\/"},{"@type":"ListItem","position":2,"name":"Prodotti","item":"https:\/\/www.dartwin.it\/it\/software\/"},{"@type":"ListItem","position":3,"name":"Chiave Hardware USB"}]},{"@type":"WebSite","@id":"https:\/\/www.dartwin.it\/it\/#website","url":"https:\/\/www.dartwin.it\/it\/","name":"Dartwin","description":"analisi termiche agli elementi finiti","publisher":{"@id":"https:\/\/www.dartwin.it\/it\/#organization"},"potentialAction":[{"@type":"SearchAction","target":{"@type":"EntryPoint","urlTemplate":"https:\/\/www.dartwin.it\/it\/?s={search_term_string}"},"query-input":{"@type":"PropertyValueSpecification","valueRequired":true,"valueName":"search_term_string"}}],"inLanguage":"it-IT"},{"@type":"Organization","@id":"https:\/\/www.dartwin.it\/it\/#organization","name":"Dartwin SRL","url":"https:\/\/www.dartwin.it\/it\/","logo":{"@type":"ImageObject","inLanguage":"it-IT","@id":"https:\/\/www.dartwin.it\/it\/#\/schema\/logo\/image\/","url":"https:\/\/www.dartwin.it\/wp-content\/uploads\/cropped-Logo-Dartwin-fem_180x48.jpg","contentUrl":"https:\/\/www.dartwin.it\/wp-content\/uploads\/cropped-Logo-Dartwin-fem_180x48.jpg","width":175,"height":48,"caption":"Dartwin SRL"},"image":{"@id":"https:\/\/www.dartwin.it\/it\/#\/schema\/logo\/image\/"}}]}},"_links":{"self":[{"href":"https:\/\/www.dartwin.it\/it\/wp-json\/wp\/v2\/pages\/26","targetHints":{"allow":["GET"]}}],"collection":[{"href":"https:\/\/www.dartwin.it\/it\/wp-json\/wp\/v2\/pages"}],"about":[{"href":"https:\/\/www.dartwin.it\/it\/wp-json\/wp\/v2\/types\/page"}],"author":[{"embeddable":true,"href":"https:\/\/www.dartwin.it\/it\/wp-json\/wp\/v2\/users\/192"}],"replies":[{"embeddable":true,"href":"https:\/\/www.dartwin.it\/it\/wp-json\/wp\/v2\/comments?post=26"}],"version-history":[{"count":0,"href":"https:\/\/www.dartwin.it\/it\/wp-json\/wp\/v2\/pages\/26\/revisions"}],"up":[{"embeddable":true,"href":"https:\/\/www.dartwin.it\/it\/wp-json\/wp\/v2\/pages\/551"}],"wp:attachment":[{"href":"https:\/\/www.dartwin.it\/it\/wp-json\/wp\/v2\/media?parent=26"}],"curies":[{"name":"wp","href":"https:\/\/api.w.org\/{rel}","templated":true}]}}