{"id":34598,"date":"2019-09-05T17:55:05","date_gmt":"2019-09-05T15:55:05","guid":{"rendered":"https:\/\/www.dartwin.it\/product\/mold-pro-5-abbonamento\/"},"modified":"2021-10-21T10:42:32","modified_gmt":"2021-10-21T08:42:32","slug":"mold-pro-5-abbonamento","status":"publish","type":"product","link":"https:\/\/www.dartwin.it\/it\/prodotto\/mold-pro-5-abbonamento\/","title":{"rendered":"Mold PRO 5 &#8211; in abbonamento"},"content":{"rendered":"<h3>MOLD SIMULATOR PRO &#8211; versione 5<\/h3>\n<p>&nbsp;<\/p>\n<p><strong>Calcolo dei ponti termici e condensa<\/strong><br \/>\nMold PRO \u00e8 un modellatore agli elementi finiti (fem), destinato al calcolo dei ponti termici e del rischio di condensa superficiale e interstiziale di pareti, solai, tetti e altre strutture edilizie.<\/p>\n<p>Mold PRO ha tutte le funzionalit\u00e0 per il calcolo della trasmittanza lineare PSI dei ponti termici e per la verifica della condensa\/muffa secondo la ISO13788.\u00a0 E&#8217; dotato di un&#8217;interfaccia utente molto semplice e completa e offre funzionalit\u00e0 avanzate che consentono la personalizzazione dell\u2019output dei risultati.<\/p>\n<p>Oltre al calcolo dei flussi termici, il programma esegue in automatico altre due simulazioni con i parametri della ISO 13788: una per la verifica del rischio di condensa e una per la valutazione della formazione di muffa.<\/p>\n<p>Con Mold PRO inoltre puoi fare l\u2019analisi di Glaser in qualsiasi punto della struttura, personalizzare le viste dei risultati e le stampe dei report.<\/p>\n<p>Il dettaglio di tutte le differenze tra le versioni \u00e8 disponibile\u00a0 <a title=\"Mold Simulator: tutte le funzioni\" href=\"https:\/\/www.dartwin.it\/it\/software\/moldsimulator\/tutte-le-funzioni\/\" target=\"_blank\" rel=\"noopener noreferrer\">qui<\/a> .<\/p>\n<p><strong>VALIDAZIONE<\/strong><br \/>\nIl programma \u00e8 validato secondo la norma UNI EN ISO 10211:2018 (Ponti termici in edilizia &#8211; Flussi termici e temperature superficiali &#8211; calcoli dettagliati).<\/p>\n<p>&nbsp;<\/p>\n<p><strong>CONDIZIONI DI ABBONAMENTO E RISCATTO<\/strong><br \/>\n<strong><span style=\"color: #e3341c;\"> Descrizione<\/span> <\/strong><br \/>\nAttivazione con chiave software per singolo computer o su un dongle USB venduto separatamente.<br \/>\nIl programma risiede e funziona interamente sul tuo computer. Per funzionare \u00e8 necessaria una connessione Internet, poich\u00e9 il programma deve verificare online che l&#8217;attivazione sia valida. La larghezza di banda Internet non \u00e8 un problema, poich\u00e9 per i dati di scambio con i nostri server bastano solo pochi byte per la verifica della presenza della chiave di attivazione.<\/p>\n<p><span style=\"color: #e3341c;\"><strong>Importi<\/strong><\/span><br \/>\nCanone di abbonamento: l&#8217;importo dipende dal software e dalla durata dell&#8217;abbonamento.<br \/>\nPer l&#8217;attivazione iniziale e per ogni riattivazione di un abbonamento scaduto \u00e8 richiesto un importo una-tantum di \u20ac28.<\/p>\n<p><strong><span style=\"color: #e3341c;\"> Pagamenti<\/span> <\/strong><br \/>\nCon carta di credito o Paypal a rinnovo automatico, per ogni abbonamento.<br \/>\nCon bonifico bancario, solo per abbonamenti annuali.<\/p>\n<p><strong><span style=\"color: #e3341c;\"> Condizioni<\/span> <\/strong><br \/>\nL&#8217;importo dell&#8217;abbonamento viene addebitato automaticamente all&#8217;inizio di ogni periodo (pagamento anticipato). Se l&#8217;utente non desidera continuare l&#8217;abbonamento, deve annullarlo in qualsiasi momento prima del rinnovo automatico. Una volta rinnovato, la rata non pu\u00f2 essere rimborsata. Una volta annullato, il programma pu\u00f2 essere utilizzato fino alla scadenza del periodo pagato.<br \/>\nL&#8217;abbonamento viene terminato automaticamente in caso di mancato o ritardato pagamento di rinnovo oltre i 5 giorni.<\/p>\n<p><span style=\"color: #e3341c;\"><strong>Riscatto Licenza Perpetua<\/strong><\/span><br \/>\nDurante il periodo di validit\u00e0 dell&#8217;abbonamento e fino a 10 giorni dopo la sua risoluzione, l&#8217;utente ha la possibilit\u00e0 di acquistare la licenza perpetua dello stesso programma nella stessa versione scontando gli importi pagati durante l&#8217;abbonamento.<br \/>\nPi\u00f9 precisamente, nell&#8217;acquisto della licenza perpetua verranno detratte dall&#8217;importo netto di listino le seguenti somme, relative all&#8217;ultimo abbonamento attivo, se effettivamente pagate:<br \/>\n&#8211; detrazione del 90% di ciascuna rata consecutiva versata<br \/>\n&#8211; detrazione dei \u20ac28 pagati per la quota di iscrizione iniziale<br \/>\nNota: qualsiasi interruzione nel pagamento dei periodi provoca l&#8217;annullamento dell&#8217;abbonamento.<\/p>\n<p>Esempio di riscatto dopo 9 mesi di abbonamento a Mold PRO:<br \/>\n3 abbonamenti trimestrali pagati: 3 X \u20ac99 = \u20ac297<br \/>\ncosto netto di acquisto della licenza perpetua di Mold PRO con riscatto: \u20ac790-\u20ac28-\u20ac297*0,9=\u20ac494,7<\/p>\n<p><strong><span style=\"color: #e3341c;\"> Importi esclusi<\/span><\/strong><br \/>\nI seguenti importi NON saranno considerati in caso di riscatto nell&#8217;acquisto della licenza perpetua:<br \/>\n&#8211; Importi pagati per abbonamenti precedenti scaduti (periodi non consecutivi).<br \/>\n&#8211; Importi di attivazione\/riattivazione dopo il primo<br \/>\n&#8211; Importi pagati per plugin, supporto o altro<br \/>\n&#8211; Sconti o azioni speciali, se non concordati specificatamente con Dartwin<br \/>\nIn qualsiasi caso la somma di riscatto detraibile non pu\u00f2 superare il valore del programma avuto in abbonamento.<\/p>\n","protected":false},"excerpt":{"rendered":"<p><strong>LICENZA IN ABBONAMENTO con possibilit\u00e0 di riscatto<\/strong><br \/>\n<em>Software\u00a02D o 3D\u00a0agli elementi finiti per il calcolo dei Ponti Termici in regime stazionario (validato ISO 10211) e verifica rischio condensazione\/muffa secondo UNI EN ISO 13788<\/em><\/p>\n<p><strong>Mold PRO 5 comprende il generatore parametrico di ponti termici BRIDGE GENERATOR<\/strong> che consente la creazione di ponti termici e il collegamento con il software EC700 Edilclima.<\/p>\n<p>[box type=&#8221;info&#8221;]<span style=\"color: #b33030;\">Per le versioni in abbonamento \u00e8 richiesta una connessione internet attiva.[\/box]<\/span><\/p>\n<p><em>Leggi le condizioni di abbonamento e riscatto nella scheda sotto.<\/em><\/p>\n","protected":false},"featured_media":5504,"comment_status":"open","ping_status":"closed","template":"","meta":{"ocean_post_layout":"","ocean_both_sidebars_style":"","ocean_both_sidebars_content_width":0,"ocean_both_sidebars_sidebars_width":0,"ocean_sidebar":"","ocean_second_sidebar":"","ocean_disable_margins":"enable","ocean_add_body_class":"","ocean_shortcode_before_top_bar":"","ocean_shortcode_after_top_bar":"","ocean_shortcode_before_header":"","ocean_shortcode_after_header":"","ocean_has_shortcode":"","ocean_shortcode_after_title":"","ocean_shortcode_before_footer_widgets":"","ocean_shortcode_after_footer_widgets":"","ocean_shortcode_before_footer_bottom":"","ocean_shortcode_after_footer_bottom":"","ocean_display_top_bar":"default","ocean_display_header":"default","ocean_header_style":"","ocean_center_header_left_menu":"","ocean_custom_header_template":"","ocean_custom_logo":0,"ocean_custom_retina_logo":0,"ocean_custom_logo_max_width":0,"ocean_custom_logo_tablet_max_width":0,"ocean_custom_logo_mobile_max_width":0,"ocean_custom_logo_max_height":0,"ocean_custom_logo_tablet_max_height":0,"ocean_custom_logo_mobile_max_height":0,"ocean_header_custom_menu":"","ocean_menu_typo_font_family":"","ocean_menu_typo_font_subset":"","ocean_menu_typo_font_size":0,"ocean_menu_typo_font_size_tablet":0,"ocean_menu_typo_font_size_mobile":0,"ocean_menu_typo_font_size_unit":"px","ocean_menu_typo_font_weight":"","ocean_menu_typo_font_weight_tablet":"","ocean_menu_typo_font_weight_mobile":"","ocean_menu_typo_transform":"","ocean_menu_typo_transform_tablet":"","ocean_menu_typo_transform_mobile":"","ocean_menu_typo_line_height":0,"ocean_menu_typo_line_height_tablet":0,"ocean_menu_typo_line_height_mobile":0,"ocean_menu_typo_line_height_unit":"","ocean_menu_typo_spacing":0,"ocean_menu_typo_spacing_tablet":0,"ocean_menu_typo_spacing_mobile":0,"ocean_menu_typo_spacing_unit":"","ocean_menu_link_color":"","ocean_menu_link_color_hover":"","ocean_menu_link_color_active":"","ocean_menu_link_background":"","ocean_menu_link_hover_background":"","ocean_menu_link_active_background":"","ocean_menu_social_links_bg":"","ocean_menu_social_hover_links_bg":"","ocean_menu_social_links_color":"","ocean_menu_social_hover_links_color":"","ocean_disable_title":"default","ocean_disable_heading":"default","ocean_post_title":"","ocean_post_subheading":"","ocean_post_title_style":"","ocean_post_title_background_color":"","ocean_post_title_background":0,"ocean_post_title_bg_image_position":"","ocean_post_title_bg_image_attachment":"","ocean_post_title_bg_image_repeat":"","ocean_post_title_bg_image_size":"","ocean_post_title_height":0,"ocean_post_title_bg_overlay":0.5,"ocean_post_title_bg_overlay_color":"","ocean_disable_breadcrumbs":"default","ocean_breadcrumbs_color":"","ocean_breadcrumbs_separator_color":"","ocean_breadcrumbs_links_color":"","ocean_breadcrumbs_links_hover_color":"","ocean_display_footer_widgets":"default","ocean_display_footer_bottom":"default","ocean_custom_footer_template":""},"product_brand":[],"product_cat":[673,33],"product_tag":[695],"class_list":{"0":"post-34598","1":"product","2":"type-product","3":"status-publish","4":"has-post-thumbnail","6":"product_cat-abbonamenti","7":"product_cat-sw_edilizia","8":"product_tag-abbonamenti","9":"pa_version-simulazione_2d","10":"pa_version-simulazione_3d","12":"entry","13":"has-media","15":"first","16":"outofstock","17":"sold-individually","18":"taxable","19":"shipping-taxable","20":"purchasable","21":"product-type-variable-subscription","22":"col","23":"span_1_of_3","24":"owp-content-left","25":"item-entry","26":"owp-thumbs-layout-horizontal","27":"owp-btn-very-big","28":"owp-tabs-layout-vertical","29":"has-no-thumbnails"},"bundled_by":[],"bundle_stock_status":"outofstock","bundle_stock_quantity":null,"bundle_virtual":false,"bundle_layout":"","bundle_add_to_cart_form_location":"","bundle_editable_in_cart":false,"bundle_sold_individually_context":"","bundle_item_grouping":"","bundle_min_size":"","bundle_max_size":"","bundle_price":[],"bundled_items":[],"bundle_sell_ids":[],"booking_location":null,"booking_location_type":null,"booking_duration":null,"booking_duration_unit":null,"booking_buffer":null,"booking_cost":null,"booking_resources":null,"exclude_global_add_ons":[],"addons":[],"yoast_head":"<!-- This site is optimized with the Yoast SEO plugin v27.5 - https:\/\/yoast.com\/product\/yoast-seo-wordpress\/ -->\n<title>Mold PRO 5 - in abbonamento - Dartwin<\/title>\n<meta name=\"robots\" content=\"index, follow, max-snippet:-1, max-image-preview:large, max-video-preview:-1\" \/>\n<link rel=\"canonical\" href=\"https:\/\/www.dartwin.it\/it\/prodotto\/mold-pro-5-abbonamento\/\" \/>\n<meta property=\"og:locale\" content=\"it_IT\" \/>\n<meta property=\"og:type\" content=\"article\" \/>\n<meta property=\"og:title\" content=\"Mold PRO 5 - in abbonamento - Dartwin\" \/>\n<meta property=\"og:description\" content=\"LICENZA IN ABBONAMENTO con possibilit\u00e0 di riscatto Software\u00a02D o 3D\u00a0agli elementi finiti per il calcolo dei Ponti Termici in regime stazionario (validato ISO 10211) e verifica rischio condensazione\/muffa secondo UNI EN ISO 13788  Mold PRO 5 comprende il generatore parametrico di ponti termici BRIDGE GENERATOR che consente la creazione di ponti termici e il collegamento con il software EC700 Edilclima.  [box type=&quot;info&quot;]Per le versioni in abbonamento \u00e8 richiesta una connessione internet attiva.[\/box]  Leggi le condizioni di abbonamento e riscatto nella scheda sotto.\" \/>\n<meta property=\"og:url\" content=\"https:\/\/www.dartwin.it\/it\/prodotto\/mold-pro-5-abbonamento\/\" \/>\n<meta property=\"og:site_name\" content=\"Dartwin\" \/>\n<meta property=\"article:modified_time\" content=\"2021-10-21T08:42:32+00:00\" \/>\n<meta property=\"og:image\" content=\"https:\/\/www.dartwin.it\/wp-content\/uploads\/mold\/IW01_iso.gif\" \/>\n\t<meta property=\"og:image:width\" content=\"1280\" \/>\n\t<meta property=\"og:image:height\" content=\"720\" \/>\n\t<meta property=\"og:image:type\" content=\"image\/gif\" \/>\n<meta name=\"twitter:label1\" content=\"Tempo di lettura stimato\" \/>\n\t<meta name=\"twitter:data1\" content=\"3 minuti\" \/>\n<script type=\"application\/ld+json\" class=\"yoast-schema-graph\">{\"@context\":\"https:\\\/\\\/schema.org\",\"@graph\":[{\"@type\":\"WebPage\",\"@id\":\"https:\\\/\\\/www.dartwin.it\\\/it\\\/prodotto\\\/mold-pro-5-abbonamento\\\/\",\"url\":\"https:\\\/\\\/www.dartwin.it\\\/it\\\/prodotto\\\/mold-pro-5-abbonamento\\\/\",\"name\":\"Mold PRO 5 - in abbonamento - Dartwin\",\"isPartOf\":{\"@id\":\"https:\\\/\\\/www.dartwin.it\\\/it\\\/#website\"},\"primaryImageOfPage\":{\"@id\":\"https:\\\/\\\/www.dartwin.it\\\/it\\\/prodotto\\\/mold-pro-5-abbonamento\\\/#primaryimage\"},\"image\":{\"@id\":\"https:\\\/\\\/www.dartwin.it\\\/it\\\/prodotto\\\/mold-pro-5-abbonamento\\\/#primaryimage\"},\"thumbnailUrl\":\"https:\\\/\\\/www.dartwin.it\\\/wp-content\\\/uploads\\\/mold\\\/IW01_iso.gif\",\"datePublished\":\"2019-09-05T15:55:05+00:00\",\"dateModified\":\"2021-10-21T08:42:32+00:00\",\"breadcrumb\":{\"@id\":\"https:\\\/\\\/www.dartwin.it\\\/it\\\/prodotto\\\/mold-pro-5-abbonamento\\\/#breadcrumb\"},\"inLanguage\":\"it-IT\",\"potentialAction\":[{\"@type\":\"ReadAction\",\"target\":[\"https:\\\/\\\/www.dartwin.it\\\/it\\\/prodotto\\\/mold-pro-5-abbonamento\\\/\"]}]},{\"@type\":\"ImageObject\",\"inLanguage\":\"it-IT\",\"@id\":\"https:\\\/\\\/www.dartwin.it\\\/it\\\/prodotto\\\/mold-pro-5-abbonamento\\\/#primaryimage\",\"url\":\"https:\\\/\\\/www.dartwin.it\\\/wp-content\\\/uploads\\\/mold\\\/IW01_iso.gif\",\"contentUrl\":\"https:\\\/\\\/www.dartwin.it\\\/wp-content\\\/uploads\\\/mold\\\/IW01_iso.gif\",\"width\":1280,\"height\":720},{\"@type\":\"BreadcrumbList\",\"@id\":\"https:\\\/\\\/www.dartwin.it\\\/it\\\/prodotto\\\/mold-pro-5-abbonamento\\\/#breadcrumb\",\"itemListElement\":[{\"@type\":\"ListItem\",\"position\":1,\"name\":\"Home\",\"item\":\"https:\\\/\\\/www.dartwin.it\\\/it\\\/\"},{\"@type\":\"ListItem\",\"position\":2,\"name\":\"Catalogo\",\"item\":\"https:\\\/\\\/www.dartwin.it\\\/it\\\/catalogo\\\/\"},{\"@type\":\"ListItem\",\"position\":3,\"name\":\"Mold PRO 5 &#8211; in abbonamento\"}]},{\"@type\":\"WebSite\",\"@id\":\"https:\\\/\\\/www.dartwin.it\\\/it\\\/#website\",\"url\":\"https:\\\/\\\/www.dartwin.it\\\/it\\\/\",\"name\":\"Dartwin\",\"description\":\"analisi termiche agli elementi finiti\",\"publisher\":{\"@id\":\"https:\\\/\\\/www.dartwin.it\\\/it\\\/#organization\"},\"potentialAction\":[{\"@type\":\"SearchAction\",\"target\":{\"@type\":\"EntryPoint\",\"urlTemplate\":\"https:\\\/\\\/www.dartwin.it\\\/it\\\/?s={search_term_string}\"},\"query-input\":{\"@type\":\"PropertyValueSpecification\",\"valueRequired\":true,\"valueName\":\"search_term_string\"}}],\"inLanguage\":\"it-IT\"},{\"@type\":\"Organization\",\"@id\":\"https:\\\/\\\/www.dartwin.it\\\/it\\\/#organization\",\"name\":\"Dartwin SRL\",\"url\":\"https:\\\/\\\/www.dartwin.it\\\/it\\\/\",\"logo\":{\"@type\":\"ImageObject\",\"inLanguage\":\"it-IT\",\"@id\":\"https:\\\/\\\/www.dartwin.it\\\/it\\\/#\\\/schema\\\/logo\\\/image\\\/\",\"url\":\"https:\\\/\\\/www.dartwin.it\\\/wp-content\\\/uploads\\\/cropped-Logo-Dartwin-fem_180x48.jpg\",\"contentUrl\":\"https:\\\/\\\/www.dartwin.it\\\/wp-content\\\/uploads\\\/cropped-Logo-Dartwin-fem_180x48.jpg\",\"width\":175,\"height\":48,\"caption\":\"Dartwin SRL\"},\"image\":{\"@id\":\"https:\\\/\\\/www.dartwin.it\\\/it\\\/#\\\/schema\\\/logo\\\/image\\\/\"}}]}<\/script>\n<!-- \/ Yoast SEO plugin. -->","yoast_head_json":{"title":"Mold PRO 5 - in abbonamento - Dartwin","robots":{"index":"index","follow":"follow","max-snippet":"max-snippet:-1","max-image-preview":"max-image-preview:large","max-video-preview":"max-video-preview:-1"},"canonical":"https:\/\/www.dartwin.it\/it\/prodotto\/mold-pro-5-abbonamento\/","og_locale":"it_IT","og_type":"article","og_title":"Mold PRO 5 - in abbonamento - Dartwin","og_description":"LICENZA IN ABBONAMENTO con possibilit\u00e0 di riscatto Software\u00a02D o 3D\u00a0agli elementi finiti per il calcolo dei Ponti Termici in regime stazionario (validato ISO 10211) e verifica rischio condensazione\/muffa secondo UNI EN ISO 13788  Mold PRO 5 comprende il generatore parametrico di ponti termici BRIDGE GENERATOR che consente la creazione di ponti termici e il collegamento con il software EC700 Edilclima.  [box type=\"info\"]Per le versioni in abbonamento \u00e8 richiesta una connessione internet attiva.[\/box]  Leggi le condizioni di abbonamento e riscatto nella scheda sotto.","og_url":"https:\/\/www.dartwin.it\/it\/prodotto\/mold-pro-5-abbonamento\/","og_site_name":"Dartwin","article_modified_time":"2021-10-21T08:42:32+00:00","og_image":[{"width":1280,"height":720,"url":"https:\/\/www.dartwin.it\/wp-content\/uploads\/mold\/IW01_iso.gif","type":"image\/gif"}],"twitter_misc":{"Tempo di lettura stimato":"3 minuti"},"schema":{"@context":"https:\/\/schema.org","@graph":[{"@type":"WebPage","@id":"https:\/\/www.dartwin.it\/it\/prodotto\/mold-pro-5-abbonamento\/","url":"https:\/\/www.dartwin.it\/it\/prodotto\/mold-pro-5-abbonamento\/","name":"Mold PRO 5 - in abbonamento - Dartwin","isPartOf":{"@id":"https:\/\/www.dartwin.it\/it\/#website"},"primaryImageOfPage":{"@id":"https:\/\/www.dartwin.it\/it\/prodotto\/mold-pro-5-abbonamento\/#primaryimage"},"image":{"@id":"https:\/\/www.dartwin.it\/it\/prodotto\/mold-pro-5-abbonamento\/#primaryimage"},"thumbnailUrl":"https:\/\/www.dartwin.it\/wp-content\/uploads\/mold\/IW01_iso.gif","datePublished":"2019-09-05T15:55:05+00:00","dateModified":"2021-10-21T08:42:32+00:00","breadcrumb":{"@id":"https:\/\/www.dartwin.it\/it\/prodotto\/mold-pro-5-abbonamento\/#breadcrumb"},"inLanguage":"it-IT","potentialAction":[{"@type":"ReadAction","target":["https:\/\/www.dartwin.it\/it\/prodotto\/mold-pro-5-abbonamento\/"]}]},{"@type":"ImageObject","inLanguage":"it-IT","@id":"https:\/\/www.dartwin.it\/it\/prodotto\/mold-pro-5-abbonamento\/#primaryimage","url":"https:\/\/www.dartwin.it\/wp-content\/uploads\/mold\/IW01_iso.gif","contentUrl":"https:\/\/www.dartwin.it\/wp-content\/uploads\/mold\/IW01_iso.gif","width":1280,"height":720},{"@type":"BreadcrumbList","@id":"https:\/\/www.dartwin.it\/it\/prodotto\/mold-pro-5-abbonamento\/#breadcrumb","itemListElement":[{"@type":"ListItem","position":1,"name":"Home","item":"https:\/\/www.dartwin.it\/it\/"},{"@type":"ListItem","position":2,"name":"Catalogo","item":"https:\/\/www.dartwin.it\/it\/catalogo\/"},{"@type":"ListItem","position":3,"name":"Mold PRO 5 &#8211; in abbonamento"}]},{"@type":"WebSite","@id":"https:\/\/www.dartwin.it\/it\/#website","url":"https:\/\/www.dartwin.it\/it\/","name":"Dartwin","description":"analisi termiche agli elementi finiti","publisher":{"@id":"https:\/\/www.dartwin.it\/it\/#organization"},"potentialAction":[{"@type":"SearchAction","target":{"@type":"EntryPoint","urlTemplate":"https:\/\/www.dartwin.it\/it\/?s={search_term_string}"},"query-input":{"@type":"PropertyValueSpecification","valueRequired":true,"valueName":"search_term_string"}}],"inLanguage":"it-IT"},{"@type":"Organization","@id":"https:\/\/www.dartwin.it\/it\/#organization","name":"Dartwin SRL","url":"https:\/\/www.dartwin.it\/it\/","logo":{"@type":"ImageObject","inLanguage":"it-IT","@id":"https:\/\/www.dartwin.it\/it\/#\/schema\/logo\/image\/","url":"https:\/\/www.dartwin.it\/wp-content\/uploads\/cropped-Logo-Dartwin-fem_180x48.jpg","contentUrl":"https:\/\/www.dartwin.it\/wp-content\/uploads\/cropped-Logo-Dartwin-fem_180x48.jpg","width":175,"height":48,"caption":"Dartwin SRL"},"image":{"@id":"https:\/\/www.dartwin.it\/it\/#\/schema\/logo\/image\/"}}]}},"_links":{"self":[{"href":"https:\/\/www.dartwin.it\/it\/wp-json\/wp\/v2\/product\/34598","targetHints":{"allow":["GET"]}}],"collection":[{"href":"https:\/\/www.dartwin.it\/it\/wp-json\/wp\/v2\/product"}],"about":[{"href":"https:\/\/www.dartwin.it\/it\/wp-json\/wp\/v2\/types\/product"}],"replies":[{"embeddable":true,"href":"https:\/\/www.dartwin.it\/it\/wp-json\/wp\/v2\/comments?post=34598"}],"wp:featuredmedia":[{"embeddable":true,"href":"https:\/\/www.dartwin.it\/it\/wp-json\/wp\/v2\/media\/5504"}],"wp:attachment":[{"href":"https:\/\/www.dartwin.it\/it\/wp-json\/wp\/v2\/media?parent=34598"}],"wp:term":[{"taxonomy":"product_brand","embeddable":true,"href":"https:\/\/www.dartwin.it\/it\/wp-json\/wp\/v2\/product_brand?post=34598"},{"taxonomy":"product_cat","embeddable":true,"href":"https:\/\/www.dartwin.it\/it\/wp-json\/wp\/v2\/product_cat?post=34598"},{"taxonomy":"product_tag","embeddable":true,"href":"https:\/\/www.dartwin.it\/it\/wp-json\/wp\/v2\/product_tag?post=34598"}],"curies":[{"name":"wp","href":"https:\/\/api.w.org\/{rel}","templated":true}]}}