{"id":56354,"date":"2022-05-23T14:40:47","date_gmt":"2022-05-23T12:40:47","guid":{"rendered":"https:\/\/www.dartwin.it\/?post_type=product&#038;p=56354"},"modified":"2026-04-16T14:36:11","modified_gmt":"2026-04-16T12:36:11","slug":"riscatto-abbonamento-v6","status":"publish","type":"product","link":"https:\/\/www.dartwin.it\/it\/prodotto\/riscatto-abbonamento-v6\/","title":{"rendered":"Riscatto abbonamento versioni 6 e 7"},"content":{"rendered":"","protected":false},"excerpt":{"rendered":"<h3>In questa pagina puoi acquistare Mold Simulator scontando le rate di abbonamento gi\u00e0 pagate.<\/h3>\n<p><strong>Riscatto Licenza Perpetua &#8211; versioni 6 e 7<\/strong><br \/>\nDurante il periodo di validit\u00e0 di un abbonamento e fino a 10 giorni dopo la sua risoluzione \u00e8 possibile acquistare la licenza perpetua di Mold Simulator, nella stessa variante dell&#8217;abbonamento (es: 2D, 3D, PRO, Dynamic ecc.), scontando gli importi gi\u00e0 pagati per le rate e la quota di \u20ac28 di attivazione.<br \/>\nNel costo di acquisto della licenza perpetua verranno detratte dall\u2019importo netto di listino le seguenti somme, relative all\u2019ultimo abbonamento attivo, se effettivamente pagate:<br \/>\n\u2013 detrazione del 90% di ciascuna rata consecutiva gi\u00e0 versata.<br \/>\n\u2013 detrazione dei \u20ac28 pagati per la quota di iscrizione iniziale<\/p>\n<p>L&#8217;importo di riscatto include inoltre il costo di upgrade dalla versione 5 alla versione 6, in base al numero di rate pagate in versione 5.<\/p>\n<p>IMPORTANTE: qualsiasi interruzione nel pagamento dei periodi provoca l\u2019annullamento dell\u2019abbonamento e le relative rate non potranno essere scontate in caso di acquisto della licenza perpetua.<\/p>\n<p><span style=\"color: #ff0000;\">Non acquistare il riscatto se il tuo abbonamento \u00e8 stato annullato o \u00e8 scaduto da pi\u00f9 di 5 giorni.<\/span><\/p>\n<h3><strong>Riscatta qui il tuo abbonamento.<\/strong><\/h3>\n<p>ISTRUZIONI:<\/p>\n<ul>\n<li>1 &#8211; imposta il software per cui hai pagato gli abbonamenti<\/li>\n<li>2 &#8211; imposta la durata del tuo abbonamento.<\/li>\n<li>3 &#8211; imposta il numero di periodi CONSECUTIVI (senza interruzioni) per cui hai gi\u00e0 pagato l&#8217;abbonamento<\/li>\n<\/ul>\n<h4><\/h4>\n<h4>Se nel corso del tuo abbonamento hai modificato la durata dei rinnovi o il tipo di programma o se il tuo abbonamento non non \u00e8 incluso nelle opzioni contatta Dartwin.<\/h4>\n","protected":false},"featured_media":53881,"comment_status":"closed","ping_status":"closed","template":"","meta":{"ocean_post_layout":"","ocean_both_sidebars_style":"","ocean_both_sidebars_content_width":0,"ocean_both_sidebars_sidebars_width":0,"ocean_sidebar":"0","ocean_second_sidebar":"0","ocean_disable_margins":"enable","ocean_add_body_class":"","ocean_shortcode_before_top_bar":"","ocean_shortcode_after_top_bar":"","ocean_shortcode_before_header":"","ocean_shortcode_after_header":"","ocean_has_shortcode":"","ocean_shortcode_after_title":"","ocean_shortcode_before_footer_widgets":"","ocean_shortcode_after_footer_widgets":"","ocean_shortcode_before_footer_bottom":"","ocean_shortcode_after_footer_bottom":"","ocean_display_top_bar":"default","ocean_display_header":"default","ocean_header_style":"","ocean_center_header_left_menu":"0","ocean_custom_header_template":"0","ocean_custom_logo":0,"ocean_custom_retina_logo":0,"ocean_custom_logo_max_width":0,"ocean_custom_logo_tablet_max_width":0,"ocean_custom_logo_mobile_max_width":0,"ocean_custom_logo_max_height":0,"ocean_custom_logo_tablet_max_height":0,"ocean_custom_logo_mobile_max_height":0,"ocean_header_custom_menu":"0","ocean_menu_typo_font_family":"0","ocean_menu_typo_font_subset":"","ocean_menu_typo_font_size":0,"ocean_menu_typo_font_size_tablet":0,"ocean_menu_typo_font_size_mobile":0,"ocean_menu_typo_font_size_unit":"px","ocean_menu_typo_font_weight":"","ocean_menu_typo_font_weight_tablet":"","ocean_menu_typo_font_weight_mobile":"","ocean_menu_typo_transform":"","ocean_menu_typo_transform_tablet":"","ocean_menu_typo_transform_mobile":"","ocean_menu_typo_line_height":0,"ocean_menu_typo_line_height_tablet":0,"ocean_menu_typo_line_height_mobile":0,"ocean_menu_typo_line_height_unit":"","ocean_menu_typo_spacing":0,"ocean_menu_typo_spacing_tablet":0,"ocean_menu_typo_spacing_mobile":0,"ocean_menu_typo_spacing_unit":"","ocean_menu_link_color":"","ocean_menu_link_color_hover":"","ocean_menu_link_color_active":"","ocean_menu_link_background":"","ocean_menu_link_hover_background":"","ocean_menu_link_active_background":"","ocean_menu_social_links_bg":"","ocean_menu_social_hover_links_bg":"","ocean_menu_social_links_color":"","ocean_menu_social_hover_links_color":"","ocean_disable_title":"default","ocean_disable_heading":"default","ocean_post_title":"","ocean_post_subheading":"","ocean_post_title_style":"","ocean_post_title_background_color":"","ocean_post_title_background":0,"ocean_post_title_bg_image_position":"","ocean_post_title_bg_image_attachment":"","ocean_post_title_bg_image_repeat":"","ocean_post_title_bg_image_size":"","ocean_post_title_height":0,"ocean_post_title_bg_overlay":0.5,"ocean_post_title_bg_overlay_color":"","ocean_disable_breadcrumbs":"default","ocean_breadcrumbs_color":"","ocean_breadcrumbs_separator_color":"","ocean_breadcrumbs_links_color":"","ocean_breadcrumbs_links_hover_color":"","ocean_display_footer_widgets":"default","ocean_display_footer_bottom":"default","ocean_custom_footer_template":"0"},"product_brand":[],"product_cat":[673,743],"product_tag":[],"class_list":{"0":"post-56354","1":"product","2":"type-product","3":"status-publish","4":"has-post-thumbnail","6":"product_cat-abbonamenti","7":"product_cat-licenze_lifetime","9":"entry","10":"has-media","12":"first","13":"instock","14":"sale","15":"sold-individually","16":"taxable","17":"shipping-taxable","18":"purchasable","19":"product-type-variable","20":"col","21":"span_1_of_3","22":"owp-content-left","23":"item-entry","24":"owp-thumbs-layout-horizontal","25":"owp-btn-very-big","26":"owp-tabs-layout-vertical","27":"has-no-thumbnails"},"bundled_by":["56757"],"bundle_stock_status":"instock","bundle_stock_quantity":null,"bundle_virtual":false,"bundle_layout":"","bundle_add_to_cart_form_location":"","bundle_editable_in_cart":false,"bundle_sold_individually_context":"","bundle_item_grouping":"","bundle_min_size":"","bundle_max_size":"","bundle_price":[],"bundled_items":[],"bundle_sell_ids":[],"booking_location":null,"booking_location_type":null,"booking_duration":null,"booking_duration_unit":null,"booking_buffer":null,"booking_cost":null,"booking_resources":null,"exclude_global_add_ons":[],"addons":[],"yoast_head":"<!-- This site is optimized with the Yoast SEO plugin v27.4 - https:\/\/yoast.com\/product\/yoast-seo-wordpress\/ -->\n<title>Riscatto abbonamento versioni 6 e 7 - Dartwin<\/title>\n<meta name=\"robots\" content=\"index, follow, max-snippet:-1, max-image-preview:large, max-video-preview:-1\" \/>\n<link rel=\"canonical\" href=\"https:\/\/www.dartwin.it\/it\/prodotto\/riscatto-abbonamento-v6\/\" \/>\n<meta property=\"og:locale\" content=\"it_IT\" \/>\n<meta property=\"og:type\" content=\"article\" \/>\n<meta property=\"og:title\" content=\"Riscatto abbonamento versioni 6 e 7 - Dartwin\" \/>\n<meta property=\"og:description\" content=\"In questa pagina puoi acquistare Mold Simulator scontando le rate di abbonamento gi\u00e0 pagate. Riscatto Licenza Perpetua - versioni 6 e 7 Durante il periodo di validit\u00e0 di un abbonamento e fino a 10 giorni dopo la sua risoluzione \u00e8 possibile acquistare la licenza perpetua di Mold Simulator, nella stessa variante dell&#039;abbonamento (es: 2D, 3D, PRO, Dynamic ecc.), scontando gli importi gi\u00e0 pagati per le rate e la quota di \u20ac28 di attivazione. Nel costo di acquisto della licenza perpetua verranno detratte dall\u2019importo netto di listino le seguenti somme, relative all\u2019ultimo abbonamento attivo, se effettivamente pagate: \u2013 detrazione del 90% di ciascuna rata consecutiva gi\u00e0 versata. \u2013 detrazione dei \u20ac28 pagati per la quota di iscrizione iniziale  L&#039;importo di riscatto include inoltre il costo di upgrade dalla versione 5 alla versione 6, in base al numero di rate pagate in versione 5.  IMPORTANTE: qualsiasi interruzione nel pagamento dei periodi provoca l\u2019annullamento dell\u2019abbonamento e le relative rate non potranno essere scontate in caso di acquisto della licenza perpetua.  Non acquistare il riscatto se il tuo abbonamento \u00e8 stato annullato o \u00e8 scaduto da pi\u00f9 di 5 giorni. Riscatta qui il tuo abbonamento. ISTRUZIONI:   1 - imposta il software per cui hai pagato gli abbonamenti  2 - imposta la durata del tuo abbonamento.  3 - imposta il numero di periodi CONSECUTIVI (senza interruzioni) per cui hai gi\u00e0 pagato l&#039;abbonamento   Se nel corso del tuo abbonamento hai modificato la durata dei rinnovi o il tipo di programma o se il tuo abbonamento non non \u00e8 incluso nelle opzioni contatta Dartwin.\" \/>\n<meta property=\"og:url\" content=\"https:\/\/www.dartwin.it\/it\/prodotto\/riscatto-abbonamento-v6\/\" \/>\n<meta property=\"og:site_name\" content=\"Dartwin\" \/>\n<meta property=\"article:modified_time\" content=\"2026-04-16T12:36:11+00:00\" \/>\n<meta property=\"og:image\" content=\"https:\/\/www.dartwin.it\/wp-content\/uploads\/riscatto-abbonamento-1-e1692179091514.png\" \/>\n\t<meta property=\"og:image:width\" content=\"279\" \/>\n\t<meta property=\"og:image:height\" content=\"227\" \/>\n\t<meta property=\"og:image:type\" content=\"image\/png\" \/>\n<meta name=\"twitter:label1\" content=\"Tempo di lettura stimato\" \/>\n\t<meta name=\"twitter:data1\" content=\"1 minuto\" \/>\n<script type=\"application\/ld+json\" class=\"yoast-schema-graph\">{\"@context\":\"https:\\\/\\\/schema.org\",\"@graph\":[{\"@type\":\"WebPage\",\"@id\":\"https:\\\/\\\/www.dartwin.it\\\/it\\\/prodotto\\\/riscatto-abbonamento-v6\\\/\",\"url\":\"https:\\\/\\\/www.dartwin.it\\\/it\\\/prodotto\\\/riscatto-abbonamento-v6\\\/\",\"name\":\"Riscatto abbonamento versioni 6 e 7 - Dartwin\",\"isPartOf\":{\"@id\":\"https:\\\/\\\/www.dartwin.it\\\/it\\\/#website\"},\"primaryImageOfPage\":{\"@id\":\"https:\\\/\\\/www.dartwin.it\\\/it\\\/prodotto\\\/riscatto-abbonamento-v6\\\/#primaryimage\"},\"image\":{\"@id\":\"https:\\\/\\\/www.dartwin.it\\\/it\\\/prodotto\\\/riscatto-abbonamento-v6\\\/#primaryimage\"},\"thumbnailUrl\":\"https:\\\/\\\/www.dartwin.it\\\/wp-content\\\/uploads\\\/riscatto-abbonamento-1-e1692179091514.png\",\"datePublished\":\"2022-05-23T12:40:47+00:00\",\"dateModified\":\"2026-04-16T12:36:11+00:00\",\"breadcrumb\":{\"@id\":\"https:\\\/\\\/www.dartwin.it\\\/it\\\/prodotto\\\/riscatto-abbonamento-v6\\\/#breadcrumb\"},\"inLanguage\":\"it-IT\",\"potentialAction\":[{\"@type\":\"ReadAction\",\"target\":[\"https:\\\/\\\/www.dartwin.it\\\/it\\\/prodotto\\\/riscatto-abbonamento-v6\\\/\"]}]},{\"@type\":\"ImageObject\",\"inLanguage\":\"it-IT\",\"@id\":\"https:\\\/\\\/www.dartwin.it\\\/it\\\/prodotto\\\/riscatto-abbonamento-v6\\\/#primaryimage\",\"url\":\"https:\\\/\\\/www.dartwin.it\\\/wp-content\\\/uploads\\\/riscatto-abbonamento-1-e1692179091514.png\",\"contentUrl\":\"https:\\\/\\\/www.dartwin.it\\\/wp-content\\\/uploads\\\/riscatto-abbonamento-1-e1692179091514.png\",\"width\":279,\"height\":227},{\"@type\":\"BreadcrumbList\",\"@id\":\"https:\\\/\\\/www.dartwin.it\\\/it\\\/prodotto\\\/riscatto-abbonamento-v6\\\/#breadcrumb\",\"itemListElement\":[{\"@type\":\"ListItem\",\"position\":1,\"name\":\"Home\",\"item\":\"https:\\\/\\\/www.dartwin.it\\\/it\\\/\"},{\"@type\":\"ListItem\",\"position\":2,\"name\":\"Catalogo\",\"item\":\"https:\\\/\\\/www.dartwin.it\\\/it\\\/catalogo\\\/\"},{\"@type\":\"ListItem\",\"position\":3,\"name\":\"Riscatto abbonamento versioni 6 e 7\"}]},{\"@type\":\"WebSite\",\"@id\":\"https:\\\/\\\/www.dartwin.it\\\/it\\\/#website\",\"url\":\"https:\\\/\\\/www.dartwin.it\\\/it\\\/\",\"name\":\"Dartwin\",\"description\":\"analisi termiche agli elementi finiti\",\"publisher\":{\"@id\":\"https:\\\/\\\/www.dartwin.it\\\/it\\\/#organization\"},\"potentialAction\":[{\"@type\":\"SearchAction\",\"target\":{\"@type\":\"EntryPoint\",\"urlTemplate\":\"https:\\\/\\\/www.dartwin.it\\\/it\\\/?s={search_term_string}\"},\"query-input\":{\"@type\":\"PropertyValueSpecification\",\"valueRequired\":true,\"valueName\":\"search_term_string\"}}],\"inLanguage\":\"it-IT\"},{\"@type\":\"Organization\",\"@id\":\"https:\\\/\\\/www.dartwin.it\\\/it\\\/#organization\",\"name\":\"Dartwin SRL\",\"url\":\"https:\\\/\\\/www.dartwin.it\\\/it\\\/\",\"logo\":{\"@type\":\"ImageObject\",\"inLanguage\":\"it-IT\",\"@id\":\"https:\\\/\\\/www.dartwin.it\\\/it\\\/#\\\/schema\\\/logo\\\/image\\\/\",\"url\":\"https:\\\/\\\/www.dartwin.it\\\/wp-content\\\/uploads\\\/cropped-Logo-Dartwin-fem_180x48.jpg\",\"contentUrl\":\"https:\\\/\\\/www.dartwin.it\\\/wp-content\\\/uploads\\\/cropped-Logo-Dartwin-fem_180x48.jpg\",\"width\":175,\"height\":48,\"caption\":\"Dartwin SRL\"},\"image\":{\"@id\":\"https:\\\/\\\/www.dartwin.it\\\/it\\\/#\\\/schema\\\/logo\\\/image\\\/\"}}]}<\/script>\n<!-- \/ Yoast SEO plugin. -->","yoast_head_json":{"title":"Riscatto abbonamento versioni 6 e 7 - Dartwin","robots":{"index":"index","follow":"follow","max-snippet":"max-snippet:-1","max-image-preview":"max-image-preview:large","max-video-preview":"max-video-preview:-1"},"canonical":"https:\/\/www.dartwin.it\/it\/prodotto\/riscatto-abbonamento-v6\/","og_locale":"it_IT","og_type":"article","og_title":"Riscatto abbonamento versioni 6 e 7 - Dartwin","og_description":"In questa pagina puoi acquistare Mold Simulator scontando le rate di abbonamento gi\u00e0 pagate. Riscatto Licenza Perpetua - versioni 6 e 7 Durante il periodo di validit\u00e0 di un abbonamento e fino a 10 giorni dopo la sua risoluzione \u00e8 possibile acquistare la licenza perpetua di Mold Simulator, nella stessa variante dell'abbonamento (es: 2D, 3D, PRO, Dynamic ecc.), scontando gli importi gi\u00e0 pagati per le rate e la quota di \u20ac28 di attivazione. Nel costo di acquisto della licenza perpetua verranno detratte dall\u2019importo netto di listino le seguenti somme, relative all\u2019ultimo abbonamento attivo, se effettivamente pagate: \u2013 detrazione del 90% di ciascuna rata consecutiva gi\u00e0 versata. \u2013 detrazione dei \u20ac28 pagati per la quota di iscrizione iniziale  L'importo di riscatto include inoltre il costo di upgrade dalla versione 5 alla versione 6, in base al numero di rate pagate in versione 5.  IMPORTANTE: qualsiasi interruzione nel pagamento dei periodi provoca l\u2019annullamento dell\u2019abbonamento e le relative rate non potranno essere scontate in caso di acquisto della licenza perpetua.  Non acquistare il riscatto se il tuo abbonamento \u00e8 stato annullato o \u00e8 scaduto da pi\u00f9 di 5 giorni. Riscatta qui il tuo abbonamento. ISTRUZIONI:   1 - imposta il software per cui hai pagato gli abbonamenti  2 - imposta la durata del tuo abbonamento.  3 - imposta il numero di periodi CONSECUTIVI (senza interruzioni) per cui hai gi\u00e0 pagato l'abbonamento   Se nel corso del tuo abbonamento hai modificato la durata dei rinnovi o il tipo di programma o se il tuo abbonamento non non \u00e8 incluso nelle opzioni contatta Dartwin.","og_url":"https:\/\/www.dartwin.it\/it\/prodotto\/riscatto-abbonamento-v6\/","og_site_name":"Dartwin","article_modified_time":"2026-04-16T12:36:11+00:00","og_image":[{"width":279,"height":227,"url":"https:\/\/www.dartwin.it\/wp-content\/uploads\/riscatto-abbonamento-1-e1692179091514.png","type":"image\/png"}],"twitter_misc":{"Tempo di lettura stimato":"1 minuto"},"schema":{"@context":"https:\/\/schema.org","@graph":[{"@type":"WebPage","@id":"https:\/\/www.dartwin.it\/it\/prodotto\/riscatto-abbonamento-v6\/","url":"https:\/\/www.dartwin.it\/it\/prodotto\/riscatto-abbonamento-v6\/","name":"Riscatto abbonamento versioni 6 e 7 - Dartwin","isPartOf":{"@id":"https:\/\/www.dartwin.it\/it\/#website"},"primaryImageOfPage":{"@id":"https:\/\/www.dartwin.it\/it\/prodotto\/riscatto-abbonamento-v6\/#primaryimage"},"image":{"@id":"https:\/\/www.dartwin.it\/it\/prodotto\/riscatto-abbonamento-v6\/#primaryimage"},"thumbnailUrl":"https:\/\/www.dartwin.it\/wp-content\/uploads\/riscatto-abbonamento-1-e1692179091514.png","datePublished":"2022-05-23T12:40:47+00:00","dateModified":"2026-04-16T12:36:11+00:00","breadcrumb":{"@id":"https:\/\/www.dartwin.it\/it\/prodotto\/riscatto-abbonamento-v6\/#breadcrumb"},"inLanguage":"it-IT","potentialAction":[{"@type":"ReadAction","target":["https:\/\/www.dartwin.it\/it\/prodotto\/riscatto-abbonamento-v6\/"]}]},{"@type":"ImageObject","inLanguage":"it-IT","@id":"https:\/\/www.dartwin.it\/it\/prodotto\/riscatto-abbonamento-v6\/#primaryimage","url":"https:\/\/www.dartwin.it\/wp-content\/uploads\/riscatto-abbonamento-1-e1692179091514.png","contentUrl":"https:\/\/www.dartwin.it\/wp-content\/uploads\/riscatto-abbonamento-1-e1692179091514.png","width":279,"height":227},{"@type":"BreadcrumbList","@id":"https:\/\/www.dartwin.it\/it\/prodotto\/riscatto-abbonamento-v6\/#breadcrumb","itemListElement":[{"@type":"ListItem","position":1,"name":"Home","item":"https:\/\/www.dartwin.it\/it\/"},{"@type":"ListItem","position":2,"name":"Catalogo","item":"https:\/\/www.dartwin.it\/it\/catalogo\/"},{"@type":"ListItem","position":3,"name":"Riscatto abbonamento versioni 6 e 7"}]},{"@type":"WebSite","@id":"https:\/\/www.dartwin.it\/it\/#website","url":"https:\/\/www.dartwin.it\/it\/","name":"Dartwin","description":"analisi termiche agli elementi finiti","publisher":{"@id":"https:\/\/www.dartwin.it\/it\/#organization"},"potentialAction":[{"@type":"SearchAction","target":{"@type":"EntryPoint","urlTemplate":"https:\/\/www.dartwin.it\/it\/?s={search_term_string}"},"query-input":{"@type":"PropertyValueSpecification","valueRequired":true,"valueName":"search_term_string"}}],"inLanguage":"it-IT"},{"@type":"Organization","@id":"https:\/\/www.dartwin.it\/it\/#organization","name":"Dartwin SRL","url":"https:\/\/www.dartwin.it\/it\/","logo":{"@type":"ImageObject","inLanguage":"it-IT","@id":"https:\/\/www.dartwin.it\/it\/#\/schema\/logo\/image\/","url":"https:\/\/www.dartwin.it\/wp-content\/uploads\/cropped-Logo-Dartwin-fem_180x48.jpg","contentUrl":"https:\/\/www.dartwin.it\/wp-content\/uploads\/cropped-Logo-Dartwin-fem_180x48.jpg","width":175,"height":48,"caption":"Dartwin SRL"},"image":{"@id":"https:\/\/www.dartwin.it\/it\/#\/schema\/logo\/image\/"}}]}},"_links":{"self":[{"href":"https:\/\/www.dartwin.it\/it\/wp-json\/wp\/v2\/product\/56354","targetHints":{"allow":["GET"]}}],"collection":[{"href":"https:\/\/www.dartwin.it\/it\/wp-json\/wp\/v2\/product"}],"about":[{"href":"https:\/\/www.dartwin.it\/it\/wp-json\/wp\/v2\/types\/product"}],"replies":[{"embeddable":true,"href":"https:\/\/www.dartwin.it\/it\/wp-json\/wp\/v2\/comments?post=56354"}],"wp:featuredmedia":[{"embeddable":true,"href":"https:\/\/www.dartwin.it\/it\/wp-json\/wp\/v2\/media\/53881"}],"wp:attachment":[{"href":"https:\/\/www.dartwin.it\/it\/wp-json\/wp\/v2\/media?parent=56354"}],"wp:term":[{"taxonomy":"product_brand","embeddable":true,"href":"https:\/\/www.dartwin.it\/it\/wp-json\/wp\/v2\/product_brand?post=56354"},{"taxonomy":"product_cat","embeddable":true,"href":"https:\/\/www.dartwin.it\/it\/wp-json\/wp\/v2\/product_cat?post=56354"},{"taxonomy":"product_tag","embeddable":true,"href":"https:\/\/www.dartwin.it\/it\/wp-json\/wp\/v2\/product_tag?post=56354"}],"curies":[{"name":"wp","href":"https:\/\/api.w.org\/{rel}","templated":true}]}}