{"id":62466,"date":"2024-10-30T15:37:45","date_gmt":"2024-10-30T14:37:45","guid":{"rendered":"https:\/\/www.dartwin.it\/?post_type=product&#038;p=62466"},"modified":"2025-12-10T09:44:52","modified_gmt":"2025-12-10T08:44:52","slug":"aggiornamenti","status":"publish","type":"product","link":"https:\/\/www.dartwin.it\/it\/prodotto\/aggiornamenti\/","title":{"rendered":"Updates &#8211; 12 mesi di aggiornamenti e upgrade"},"content":{"rendered":"<p>Estensione per l&#8217;accesso per un anno a tutti gli aggiornamenti e a tutti gli upgrade di versione pubblicati per la tua licenza perpetua.<\/p>\n","protected":false},"excerpt":{"rendered":"<p>Mantieni aggiornato il tuo programma e usa tutte le nuove funzionalit\u00e0!<\/p>\n<p>Con l&#8217;acquisto di questa estensione avrai l&#8217;accesso immediato per un anno a tutti gli aggiornamenti e a tutti gli upgrade di versione pubblicati per la tua licenza perpetua.<\/p>\n<p><strong>Costo Iniziale :<\/strong> se non possiedi una versione 6 o successiva con periodo aggiornamenti valido, o scaduto da meno di 10 giorni, alla sottoscrizione dell&#8217;abbonamento verr\u00e0 aggiunto un costo iniziale una-tantum.<\/p>\n<p><strong>Versione attuale<\/strong>: (*) se possiedi una versione 6 o successiva e l&#8217;abbonamento agli aggiornamenti che attualmente possiedi \u00e8 ancora valido oppure \u00e8 scaduto da meno di 10 giorni, vai a questa pagina: <a href=\"https:\/\/www.dartwin.it\/it\/product\/aggiornamenti-attivo\/\">ABBONAMENTO AGGIORNAMENTI ANCORA VALIDO<\/a><\/p>\n<p><strong>Opzioni di estensione:<\/strong> oltre agli aggiornamenti, se vuoi puoi aggiungere 12 mesi di accesso via Licenza Web, per usare il programma ovunque attivandolo con nome utente e password.<\/p>\n<p><strong>IMPORTANTE: questa estensione vale solo per i possessori di una licenza perpetua con una sola simultaneit\u00e0 di accesso. Se possiedi pi\u00f9 licenze dello stesso programma oppure una licenza che consente l&#8217;accesso simultaneo a pi\u00f9 utenti contatta Dartwin.<\/strong><\/p>\n<p>Se non trovi il tuo software contatta Dartwin per informazioni e quotazioni.<\/p>\n","protected":false},"featured_media":60088,"comment_status":"closed","ping_status":"closed","template":"","meta":{"ocean_post_layout":"","ocean_both_sidebars_style":"","ocean_both_sidebars_content_width":0,"ocean_both_sidebars_sidebars_width":0,"ocean_sidebar":"0","ocean_second_sidebar":"0","ocean_disable_margins":"enable","ocean_add_body_class":"","ocean_shortcode_before_top_bar":"","ocean_shortcode_after_top_bar":"","ocean_shortcode_before_header":"","ocean_shortcode_after_header":"","ocean_has_shortcode":"","ocean_shortcode_after_title":"","ocean_shortcode_before_footer_widgets":"","ocean_shortcode_after_footer_widgets":"","ocean_shortcode_before_footer_bottom":"","ocean_shortcode_after_footer_bottom":"","ocean_display_top_bar":"default","ocean_display_header":"default","ocean_header_style":"","ocean_center_header_left_menu":"0","ocean_custom_header_template":"0","ocean_custom_logo":0,"ocean_custom_retina_logo":0,"ocean_custom_logo_max_width":0,"ocean_custom_logo_tablet_max_width":0,"ocean_custom_logo_mobile_max_width":0,"ocean_custom_logo_max_height":0,"ocean_custom_logo_tablet_max_height":0,"ocean_custom_logo_mobile_max_height":0,"ocean_header_custom_menu":"0","ocean_menu_typo_font_family":"0","ocean_menu_typo_font_subset":"","ocean_menu_typo_font_size":0,"ocean_menu_typo_font_size_tablet":0,"ocean_menu_typo_font_size_mobile":0,"ocean_menu_typo_font_size_unit":"px","ocean_menu_typo_font_weight":"","ocean_menu_typo_font_weight_tablet":"","ocean_menu_typo_font_weight_mobile":"","ocean_menu_typo_transform":"","ocean_menu_typo_transform_tablet":"","ocean_menu_typo_transform_mobile":"","ocean_menu_typo_line_height":0,"ocean_menu_typo_line_height_tablet":0,"ocean_menu_typo_line_height_mobile":0,"ocean_menu_typo_line_height_unit":"","ocean_menu_typo_spacing":0,"ocean_menu_typo_spacing_tablet":0,"ocean_menu_typo_spacing_mobile":0,"ocean_menu_typo_spacing_unit":"","ocean_menu_link_color":"","ocean_menu_link_color_hover":"","ocean_menu_link_color_active":"","ocean_menu_link_background":"","ocean_menu_link_hover_background":"","ocean_menu_link_active_background":"","ocean_menu_social_links_bg":"","ocean_menu_social_hover_links_bg":"","ocean_menu_social_links_color":"","ocean_menu_social_hover_links_color":"","ocean_disable_title":"default","ocean_disable_heading":"default","ocean_post_title":"","ocean_post_subheading":"","ocean_post_title_style":"","ocean_post_title_background_color":"","ocean_post_title_background":0,"ocean_post_title_bg_image_position":"","ocean_post_title_bg_image_attachment":"","ocean_post_title_bg_image_repeat":"","ocean_post_title_bg_image_size":"","ocean_post_title_height":0,"ocean_post_title_bg_overlay":0.5,"ocean_post_title_bg_overlay_color":"","ocean_disable_breadcrumbs":"default","ocean_breadcrumbs_color":"","ocean_breadcrumbs_separator_color":"","ocean_breadcrumbs_links_color":"","ocean_breadcrumbs_links_hover_color":"","ocean_display_footer_widgets":"default","ocean_display_footer_bottom":"default","ocean_custom_footer_template":"0"},"product_brand":[],"product_cat":[103],"product_tag":[810],"class_list":{"0":"post-62466","1":"product","2":"type-product","3":"status-publish","4":"has-post-thumbnail","6":"product_cat-upgrade-it","7":"product_tag-aggiornamenti","9":"entry","10":"has-media","12":"first","13":"instock","14":"taxable","15":"shipping-taxable","16":"purchasable","17":"product-type-variable-subscription","18":"col","19":"span_1_of_3","20":"owp-content-left","21":"item-entry","22":"owp-thumbs-layout-horizontal","23":"owp-btn-very-big","24":"owp-tabs-layout-vertical","25":"has-no-thumbnails"},"bundled_by":[],"bundle_stock_status":"instock","bundle_stock_quantity":null,"bundle_virtual":false,"bundle_layout":"","bundle_add_to_cart_form_location":"","bundle_editable_in_cart":false,"bundle_sold_individually_context":"","bundle_item_grouping":"","bundle_min_size":"","bundle_max_size":"","bundle_price":[],"bundled_items":[],"bundle_sell_ids":[],"booking_location":null,"booking_location_type":null,"booking_duration":null,"booking_duration_unit":null,"booking_buffer":null,"booking_cost":null,"booking_resources":null,"exclude_global_add_ons":[],"addons":[],"yoast_head":"<!-- This site is optimized with the Yoast SEO plugin v27.4 - https:\/\/yoast.com\/product\/yoast-seo-wordpress\/ -->\n<title>Updates - 12 mesi di aggiornamenti e upgrade - Dartwin<\/title>\n<meta name=\"robots\" content=\"index, follow, max-snippet:-1, max-image-preview:large, max-video-preview:-1\" \/>\n<link rel=\"canonical\" href=\"https:\/\/www.dartwin.it\/it\/prodotto\/aggiornamenti\/\" \/>\n<meta property=\"og:locale\" content=\"it_IT\" \/>\n<meta property=\"og:type\" content=\"article\" \/>\n<meta property=\"og:title\" content=\"Updates - 12 mesi di aggiornamenti e upgrade - Dartwin\" \/>\n<meta property=\"og:description\" content=\"Mantieni aggiornato il tuo programma e usa tutte le nuove funzionalit\u00e0!  Con l&#039;acquisto di questa estensione avrai l&#039;accesso immediato per un anno a tutti gli aggiornamenti e a tutti gli upgrade di versione pubblicati per la tua licenza perpetua.  Costo Iniziale : se non possiedi una versione 6 o successiva con periodo aggiornamenti valido, o scaduto da meno di 10 giorni, alla sottoscrizione dell&#039;abbonamento verr\u00e0 aggiunto un costo iniziale una-tantum.  Versione attuale: (*) se possiedi una versione 6 o successiva e l&#039;abbonamento agli aggiornamenti che attualmente possiedi \u00e8 ancora valido oppure \u00e8 scaduto da meno di 10 giorni, vai a questa pagina: ABBONAMENTO AGGIORNAMENTI ANCORA VALIDO  Opzioni di estensione: oltre agli aggiornamenti, se vuoi puoi aggiungere 12 mesi di accesso via Licenza Web, per usare il programma ovunque attivandolo con nome utente e password.  IMPORTANTE: questa estensione vale solo per i possessori di una licenza perpetua con una sola simultaneit\u00e0 di accesso. Se possiedi pi\u00f9 licenze dello stesso programma oppure una licenza che consente l&#039;accesso simultaneo a pi\u00f9 utenti contatta Dartwin.  Se non trovi il tuo software contatta Dartwin per informazioni e quotazioni.\" \/>\n<meta property=\"og:url\" content=\"https:\/\/www.dartwin.it\/it\/prodotto\/aggiornamenti\/\" \/>\n<meta property=\"og:site_name\" content=\"Dartwin\" \/>\n<meta property=\"article:modified_time\" content=\"2025-12-10T08:44:52+00:00\" \/>\n<meta property=\"og:image\" content=\"https:\/\/www.dartwin.it\/wp-content\/uploads\/UpdatesUpgrades-1.png\" \/>\n\t<meta property=\"og:image:width\" content=\"532\" \/>\n\t<meta property=\"og:image:height\" content=\"300\" \/>\n\t<meta property=\"og:image:type\" content=\"image\/png\" \/>\n<meta name=\"twitter:label1\" content=\"Tempo di lettura stimato\" \/>\n\t<meta name=\"twitter:data1\" content=\"1 minuto\" \/>\n<script type=\"application\/ld+json\" class=\"yoast-schema-graph\">{\"@context\":\"https:\\\/\\\/schema.org\",\"@graph\":[{\"@type\":\"WebPage\",\"@id\":\"https:\\\/\\\/www.dartwin.it\\\/it\\\/prodotto\\\/aggiornamenti\\\/\",\"url\":\"https:\\\/\\\/www.dartwin.it\\\/it\\\/prodotto\\\/aggiornamenti\\\/\",\"name\":\"Updates - 12 mesi di aggiornamenti e upgrade - Dartwin\",\"isPartOf\":{\"@id\":\"https:\\\/\\\/www.dartwin.it\\\/it\\\/#website\"},\"primaryImageOfPage\":{\"@id\":\"https:\\\/\\\/www.dartwin.it\\\/it\\\/prodotto\\\/aggiornamenti\\\/#primaryimage\"},\"image\":{\"@id\":\"https:\\\/\\\/www.dartwin.it\\\/it\\\/prodotto\\\/aggiornamenti\\\/#primaryimage\"},\"thumbnailUrl\":\"https:\\\/\\\/www.dartwin.it\\\/wp-content\\\/uploads\\\/UpdatesUpgrades-1.png\",\"datePublished\":\"2024-10-30T14:37:45+00:00\",\"dateModified\":\"2025-12-10T08:44:52+00:00\",\"breadcrumb\":{\"@id\":\"https:\\\/\\\/www.dartwin.it\\\/it\\\/prodotto\\\/aggiornamenti\\\/#breadcrumb\"},\"inLanguage\":\"it-IT\",\"potentialAction\":[{\"@type\":\"ReadAction\",\"target\":[\"https:\\\/\\\/www.dartwin.it\\\/it\\\/prodotto\\\/aggiornamenti\\\/\"]}]},{\"@type\":\"ImageObject\",\"inLanguage\":\"it-IT\",\"@id\":\"https:\\\/\\\/www.dartwin.it\\\/it\\\/prodotto\\\/aggiornamenti\\\/#primaryimage\",\"url\":\"https:\\\/\\\/www.dartwin.it\\\/wp-content\\\/uploads\\\/UpdatesUpgrades-1.png\",\"contentUrl\":\"https:\\\/\\\/www.dartwin.it\\\/wp-content\\\/uploads\\\/UpdatesUpgrades-1.png\",\"width\":532,\"height\":300},{\"@type\":\"BreadcrumbList\",\"@id\":\"https:\\\/\\\/www.dartwin.it\\\/it\\\/prodotto\\\/aggiornamenti\\\/#breadcrumb\",\"itemListElement\":[{\"@type\":\"ListItem\",\"position\":1,\"name\":\"Home\",\"item\":\"https:\\\/\\\/www.dartwin.it\\\/it\\\/\"},{\"@type\":\"ListItem\",\"position\":2,\"name\":\"Catalogo\",\"item\":\"https:\\\/\\\/www.dartwin.it\\\/it\\\/catalogo\\\/\"},{\"@type\":\"ListItem\",\"position\":3,\"name\":\"Updates &#8211; 12 mesi di aggiornamenti e upgrade\"}]},{\"@type\":\"WebSite\",\"@id\":\"https:\\\/\\\/www.dartwin.it\\\/it\\\/#website\",\"url\":\"https:\\\/\\\/www.dartwin.it\\\/it\\\/\",\"name\":\"Dartwin\",\"description\":\"analisi termiche agli elementi finiti\",\"publisher\":{\"@id\":\"https:\\\/\\\/www.dartwin.it\\\/it\\\/#organization\"},\"potentialAction\":[{\"@type\":\"SearchAction\",\"target\":{\"@type\":\"EntryPoint\",\"urlTemplate\":\"https:\\\/\\\/www.dartwin.it\\\/it\\\/?s={search_term_string}\"},\"query-input\":{\"@type\":\"PropertyValueSpecification\",\"valueRequired\":true,\"valueName\":\"search_term_string\"}}],\"inLanguage\":\"it-IT\"},{\"@type\":\"Organization\",\"@id\":\"https:\\\/\\\/www.dartwin.it\\\/it\\\/#organization\",\"name\":\"Dartwin SRL\",\"url\":\"https:\\\/\\\/www.dartwin.it\\\/it\\\/\",\"logo\":{\"@type\":\"ImageObject\",\"inLanguage\":\"it-IT\",\"@id\":\"https:\\\/\\\/www.dartwin.it\\\/it\\\/#\\\/schema\\\/logo\\\/image\\\/\",\"url\":\"https:\\\/\\\/www.dartwin.it\\\/wp-content\\\/uploads\\\/cropped-Logo-Dartwin-fem_180x48.jpg\",\"contentUrl\":\"https:\\\/\\\/www.dartwin.it\\\/wp-content\\\/uploads\\\/cropped-Logo-Dartwin-fem_180x48.jpg\",\"width\":175,\"height\":48,\"caption\":\"Dartwin SRL\"},\"image\":{\"@id\":\"https:\\\/\\\/www.dartwin.it\\\/it\\\/#\\\/schema\\\/logo\\\/image\\\/\"}}]}<\/script>\n<!-- \/ Yoast SEO plugin. -->","yoast_head_json":{"title":"Updates - 12 mesi di aggiornamenti e upgrade - Dartwin","robots":{"index":"index","follow":"follow","max-snippet":"max-snippet:-1","max-image-preview":"max-image-preview:large","max-video-preview":"max-video-preview:-1"},"canonical":"https:\/\/www.dartwin.it\/it\/prodotto\/aggiornamenti\/","og_locale":"it_IT","og_type":"article","og_title":"Updates - 12 mesi di aggiornamenti e upgrade - Dartwin","og_description":"Mantieni aggiornato il tuo programma e usa tutte le nuove funzionalit\u00e0!  Con l'acquisto di questa estensione avrai l'accesso immediato per un anno a tutti gli aggiornamenti e a tutti gli upgrade di versione pubblicati per la tua licenza perpetua.  Costo Iniziale : se non possiedi una versione 6 o successiva con periodo aggiornamenti valido, o scaduto da meno di 10 giorni, alla sottoscrizione dell'abbonamento verr\u00e0 aggiunto un costo iniziale una-tantum.  Versione attuale: (*) se possiedi una versione 6 o successiva e l'abbonamento agli aggiornamenti che attualmente possiedi \u00e8 ancora valido oppure \u00e8 scaduto da meno di 10 giorni, vai a questa pagina: ABBONAMENTO AGGIORNAMENTI ANCORA VALIDO  Opzioni di estensione: oltre agli aggiornamenti, se vuoi puoi aggiungere 12 mesi di accesso via Licenza Web, per usare il programma ovunque attivandolo con nome utente e password.  IMPORTANTE: questa estensione vale solo per i possessori di una licenza perpetua con una sola simultaneit\u00e0 di accesso. Se possiedi pi\u00f9 licenze dello stesso programma oppure una licenza che consente l'accesso simultaneo a pi\u00f9 utenti contatta Dartwin.  Se non trovi il tuo software contatta Dartwin per informazioni e quotazioni.","og_url":"https:\/\/www.dartwin.it\/it\/prodotto\/aggiornamenti\/","og_site_name":"Dartwin","article_modified_time":"2025-12-10T08:44:52+00:00","og_image":[{"width":532,"height":300,"url":"https:\/\/www.dartwin.it\/wp-content\/uploads\/UpdatesUpgrades-1.png","type":"image\/png"}],"twitter_misc":{"Tempo di lettura stimato":"1 minuto"},"schema":{"@context":"https:\/\/schema.org","@graph":[{"@type":"WebPage","@id":"https:\/\/www.dartwin.it\/it\/prodotto\/aggiornamenti\/","url":"https:\/\/www.dartwin.it\/it\/prodotto\/aggiornamenti\/","name":"Updates - 12 mesi di aggiornamenti e upgrade - Dartwin","isPartOf":{"@id":"https:\/\/www.dartwin.it\/it\/#website"},"primaryImageOfPage":{"@id":"https:\/\/www.dartwin.it\/it\/prodotto\/aggiornamenti\/#primaryimage"},"image":{"@id":"https:\/\/www.dartwin.it\/it\/prodotto\/aggiornamenti\/#primaryimage"},"thumbnailUrl":"https:\/\/www.dartwin.it\/wp-content\/uploads\/UpdatesUpgrades-1.png","datePublished":"2024-10-30T14:37:45+00:00","dateModified":"2025-12-10T08:44:52+00:00","breadcrumb":{"@id":"https:\/\/www.dartwin.it\/it\/prodotto\/aggiornamenti\/#breadcrumb"},"inLanguage":"it-IT","potentialAction":[{"@type":"ReadAction","target":["https:\/\/www.dartwin.it\/it\/prodotto\/aggiornamenti\/"]}]},{"@type":"ImageObject","inLanguage":"it-IT","@id":"https:\/\/www.dartwin.it\/it\/prodotto\/aggiornamenti\/#primaryimage","url":"https:\/\/www.dartwin.it\/wp-content\/uploads\/UpdatesUpgrades-1.png","contentUrl":"https:\/\/www.dartwin.it\/wp-content\/uploads\/UpdatesUpgrades-1.png","width":532,"height":300},{"@type":"BreadcrumbList","@id":"https:\/\/www.dartwin.it\/it\/prodotto\/aggiornamenti\/#breadcrumb","itemListElement":[{"@type":"ListItem","position":1,"name":"Home","item":"https:\/\/www.dartwin.it\/it\/"},{"@type":"ListItem","position":2,"name":"Catalogo","item":"https:\/\/www.dartwin.it\/it\/catalogo\/"},{"@type":"ListItem","position":3,"name":"Updates &#8211; 12 mesi di aggiornamenti e upgrade"}]},{"@type":"WebSite","@id":"https:\/\/www.dartwin.it\/it\/#website","url":"https:\/\/www.dartwin.it\/it\/","name":"Dartwin","description":"analisi termiche agli elementi finiti","publisher":{"@id":"https:\/\/www.dartwin.it\/it\/#organization"},"potentialAction":[{"@type":"SearchAction","target":{"@type":"EntryPoint","urlTemplate":"https:\/\/www.dartwin.it\/it\/?s={search_term_string}"},"query-input":{"@type":"PropertyValueSpecification","valueRequired":true,"valueName":"search_term_string"}}],"inLanguage":"it-IT"},{"@type":"Organization","@id":"https:\/\/www.dartwin.it\/it\/#organization","name":"Dartwin SRL","url":"https:\/\/www.dartwin.it\/it\/","logo":{"@type":"ImageObject","inLanguage":"it-IT","@id":"https:\/\/www.dartwin.it\/it\/#\/schema\/logo\/image\/","url":"https:\/\/www.dartwin.it\/wp-content\/uploads\/cropped-Logo-Dartwin-fem_180x48.jpg","contentUrl":"https:\/\/www.dartwin.it\/wp-content\/uploads\/cropped-Logo-Dartwin-fem_180x48.jpg","width":175,"height":48,"caption":"Dartwin SRL"},"image":{"@id":"https:\/\/www.dartwin.it\/it\/#\/schema\/logo\/image\/"}}]}},"_links":{"self":[{"href":"https:\/\/www.dartwin.it\/it\/wp-json\/wp\/v2\/product\/62466","targetHints":{"allow":["GET"]}}],"collection":[{"href":"https:\/\/www.dartwin.it\/it\/wp-json\/wp\/v2\/product"}],"about":[{"href":"https:\/\/www.dartwin.it\/it\/wp-json\/wp\/v2\/types\/product"}],"replies":[{"embeddable":true,"href":"https:\/\/www.dartwin.it\/it\/wp-json\/wp\/v2\/comments?post=62466"}],"wp:featuredmedia":[{"embeddable":true,"href":"https:\/\/www.dartwin.it\/it\/wp-json\/wp\/v2\/media\/60088"}],"wp:attachment":[{"href":"https:\/\/www.dartwin.it\/it\/wp-json\/wp\/v2\/media?parent=62466"}],"wp:term":[{"taxonomy":"product_brand","embeddable":true,"href":"https:\/\/www.dartwin.it\/it\/wp-json\/wp\/v2\/product_brand?post=62466"},{"taxonomy":"product_cat","embeddable":true,"href":"https:\/\/www.dartwin.it\/it\/wp-json\/wp\/v2\/product_cat?post=62466"},{"taxonomy":"product_tag","embeddable":true,"href":"https:\/\/www.dartwin.it\/it\/wp-json\/wp\/v2\/product_tag?post=62466"}],"curies":[{"name":"wp","href":"https:\/\/api.w.org\/{rel}","templated":true}]}}